{"id":3941,"date":"2021-01-12T03:28:54","date_gmt":"2021-01-12T03:28:54","guid":{"rendered":"https:\/\/imobiliariaduma-mz.com\/?page_id=3941"},"modified":"2022-03-30T14:16:28","modified_gmt":"2022-03-30T14:16:28","slug":"about","status":"publish","type":"page","link":"https:\/\/imobiliariaduma-mz.com\/en\/about\/","title":{"rendered":"About"},"content":{"rendered":"<div data-elementor-type=\"wp-page\" data-elementor-id=\"3941\" class=\"elementor elementor-3941\">\n\t\t\t\t\t\t<section class=\"elementor-section elementor-top-section elementor-element elementor-element-bd269f3 elementor-section-boxed elementor-section-height-default elementor-section-height-default rt-parallax-bg-no\" data-id=\"bd269f3\" data-element_type=\"section\" data-e-type=\"section\">\n\t\t\t\t\t\t\t<div class=\"elementor-background-overlay\"><\/div>\n\t\t\t\t\t\t\t<div class=\"elementor-container elementor-column-gap-default\">\n\t\t\t\t\t<div class=\"elementor-column elementor-col-50 elementor-top-column elementor-element elementor-element-7a65f34\" data-id=\"7a65f34\" data-element_type=\"column\" data-e-type=\"column\">\n\t\t\t<div class=\"elementor-widget-wrap elementor-element-populated\">\n\t\t\t\t\t\t<div class=\"elementor-element elementor-element-cff0832 elementor-invisible elementor-widget elementor-widget-image\" data-id=\"cff0832\" data-element_type=\"widget\" data-e-type=\"widget\" data-settings=\"{&quot;_animation&quot;:&quot;fadeInLeft&quot;}\" data-widget_type=\"image.default\">\n\t\t\t\t<div class=\"elementor-widget-container\">\n\t\t\t\t\t\t\t\t\t\t\t\t\t\t\t<img fetchpriority=\"high\" decoding=\"async\" width=\"610\" height=\"460\" src=\"https:\/\/imobiliariaduma-mz.com\/wp-content\/uploads\/2021\/09\/about-meet.jpg\" class=\"attachment-full size-full wp-image-16029\" alt=\"\" title=\"\" \/>\t\t\t\t\t\t\t\t\t\t\t\t\t\t\t<\/div>\n\t\t\t\t<\/div>\n\t\t\t\t\t<\/div>\n\t\t<\/div>\n\t\t\t\t<div class=\"elementor-column elementor-col-50 elementor-top-column elementor-element elementor-element-9e8eb04\" data-id=\"9e8eb04\" data-element_type=\"column\" data-e-type=\"column\">\n\t\t\t<div class=\"elementor-widget-wrap elementor-element-populated\">\n\t\t\t\t\t\t<div class=\"elementor-element elementor-element-f5d8b38 elementor-invisible elementor-widget elementor-widget-rt-title\" data-id=\"f5d8b38\" data-element_type=\"widget\" data-e-type=\"widget\" data-settings=\"{&quot;_animation&quot;:&quot;fadeInUp&quot;}\" data-widget_type=\"rt-title.default\">\n\t\t\t\t<div class=\"elementor-widget-container\">\n\t\t\t\t\t<div class=\"section-title-wrapper\">\r\n\r\n    <!--Background Title-->\r\n    \r\n    <div class=\"title-inner-wrapper\">\r\n\r\n        <!--Top Sub Title-->\r\n        \r\n        <!--Main Title-->\r\n                    <h2 class=\"main-title\">Sobre a empresa<\/h2>\r\n        \r\n        <!--Description-->\r\n                    <div class=\"description\"><p>A Duma Imobili\u00e1ria, \u00e9 composta por uma equipa altamente qualificada e experiente, com grande conhecimento e compreens\u00e3o do mercado de Mo\u00e7ambique. O desenvolvimento de propriedades \u00e9 a principal \u00e1rea de actividade da Duma Imobili\u00e1ria e Servi\u00e7os, o que nos torna altamente qualificados para lidar com todas as quest\u00f5es relacionadas com; compra, venda, aluguer e projectos comerciais.<br \/>Somos capazes de consultar e auxiliar todos os clientes de forma r\u00e1pida e livre de estresse, a fim de satisfazer suas necessidades exactas. A Duma Imobili\u00e1ria e Servi\u00e7os cobre as seguintes \u00e1reas de especializa\u00e7\u00e3o: <br \/>\u2022 Aluguer e Vendas<br \/>\u2022 Desenvolvimento de propriedade<br \/>\u2022 Gest\u00e3o de Condom\u00ednios <br \/>\u2022 Propriedade Comercial \/ Edif\u00edcios <br \/>\u2022 Negocia\u00e7\u00f5es de contratos e arrendamento \/ documentos legais<br \/>\u2022 Consultoria Imobili\u00e1ria<\/p><\/div>\r\n            <\/div>\r\n<\/div>\t\t\t\t<\/div>\n\t\t\t\t<\/div>\n\t\t\t\t\t<\/div>\n\t\t<\/div>\n\t\t\t\t\t<\/div>\n\t\t<\/section>\n\t\t\t\t<section class=\"elementor-section elementor-top-section elementor-element elementor-element-dc85e4c elementor-section-boxed elementor-section-height-default elementor-section-height-default rt-parallax-bg-no\" data-id=\"dc85e4c\" data-element_type=\"section\" data-e-type=\"section\">\n\t\t\t\t\t\t<div class=\"elementor-container elementor-column-gap-default\">\n\t\t\t\t\t<div class=\"elementor-column elementor-col-100 elementor-top-column elementor-element elementor-element-c7634bf\" data-id=\"c7634bf\" data-element_type=\"column\" data-e-type=\"column\">\n\t\t\t<div class=\"elementor-widget-wrap elementor-element-populated\">\n\t\t\t\t\t\t<section class=\"elementor-section elementor-inner-section elementor-element elementor-element-5059282 elementor-section-boxed elementor-section-height-default elementor-section-height-default rt-parallax-bg-no elementor-invisible\" data-id=\"5059282\" data-element_type=\"section\" data-e-type=\"section\" data-settings=\"{&quot;animation&quot;:&quot;fadeInUp&quot;,&quot;animation_delay&quot;:300}\">\n\t\t\t\t\t\t<div class=\"elementor-container elementor-column-gap-default\">\n\t\t\t\t\t<div class=\"elementor-column elementor-col-33 elementor-inner-column elementor-element elementor-element-59e7e21\" data-id=\"59e7e21\" data-element_type=\"column\" data-e-type=\"column\">\n\t\t\t<div class=\"elementor-widget-wrap elementor-element-populated\">\n\t\t\t\t\t\t<div class=\"elementor-element elementor-element-84507ab elementor-widget elementor-widget-rt-info-box\" data-id=\"84507ab\" data-element_type=\"widget\" data-e-type=\"widget\" data-widget_type=\"rt-info-box.default\">\n\t\t\t\t<div class=\"elementor-widget-container\">\n\t\t\t\t\t\r\n<div class=\"service3-box-right rt-info-box-wrap-1 rt-info-box icon-el-style-1\">\r\n\t<div class=\"service-box\">\r\n\t\t<div class=\"service3-icon-holder icon-holder\">\r\n\t\t\t\t<i aria-hidden=\"true\" class=\"far fa-eye\"><\/i>\t\t<\/div>\r\n\r\n\t\t<div class=\"service3-content-holder content-holder content-align\">\r\n\t\t\t\t\t\t\t<h3 class=\"info-title\">\r\n\t\t\t\t\tVisao\t\t\t\t<\/h3>\r\n\t\t\t\r\n\t\t\t\t\t\t\t<p>Ser a melhor empresa Imobiliaria em Mo\u00e7ambique<\/p>\r\n\t\t\t\r\n\t\t\t\t\t<\/div>\r\n    <\/div>\r\n<\/div>\t\t\t\t<\/div>\n\t\t\t\t<\/div>\n\t\t\t\t\t<\/div>\n\t\t<\/div>\n\t\t\t\t<div class=\"elementor-column elementor-col-33 elementor-inner-column elementor-element elementor-element-07bffb4\" data-id=\"07bffb4\" data-element_type=\"column\" data-e-type=\"column\">\n\t\t\t<div class=\"elementor-widget-wrap elementor-element-populated\">\n\t\t\t\t\t\t<div class=\"elementor-element elementor-element-4d3e382 elementor-widget elementor-widget-rt-info-box\" data-id=\"4d3e382\" data-element_type=\"widget\" data-e-type=\"widget\" data-widget_type=\"rt-info-box.default\">\n\t\t\t\t<div class=\"elementor-widget-container\">\n\t\t\t\t\t\r\n<div class=\"service3-box-right rt-info-box-wrap-1 rt-info-box icon-el-style-1\">\r\n\t<div class=\"service-box\">\r\n\t\t<div class=\"service3-icon-holder icon-holder\">\r\n\t\t\t\t<i aria-hidden=\"true\" class=\"fas fa-hand-rock\"><\/i>\t\t<\/div>\r\n\r\n\t\t<div class=\"service3-content-holder content-holder content-align\">\r\n\t\t\t\t\t\t\t<h3 class=\"info-title\">\r\n\t\t\t\t\tMissao\t\t\t\t<\/h3>\r\n\t\t\t\r\n\t\t\t\t\t\t\t<p>Presta\u00e7\u00e3o de servi\u00e7os imobili\u00e1rios, buscando inova\u00e7\u00e3o tecnol\u00f3gica proporcionando conforto para seus clientes.<\/p>\r\n\t\t\t\r\n\t\t\t\t\t<\/div>\r\n    <\/div>\r\n<\/div>\t\t\t\t<\/div>\n\t\t\t\t<\/div>\n\t\t\t\t\t<\/div>\n\t\t<\/div>\n\t\t\t\t<div class=\"elementor-column elementor-col-33 elementor-inner-column elementor-element elementor-element-91716ad\" data-id=\"91716ad\" data-element_type=\"column\" data-e-type=\"column\">\n\t\t\t<div class=\"elementor-widget-wrap elementor-element-populated\">\n\t\t\t\t\t\t<div class=\"elementor-element elementor-element-d669bc6 elementor-widget elementor-widget-rt-info-box\" data-id=\"d669bc6\" data-element_type=\"widget\" data-e-type=\"widget\" data-widget_type=\"rt-info-box.default\">\n\t\t\t\t<div class=\"elementor-widget-container\">\n\t\t\t\t\t\r\n<div class=\"service3-box-right rt-info-box-wrap-1 rt-info-box icon-el-style-1\">\r\n\t<div class=\"service-box\">\r\n\t\t<div class=\"service3-icon-holder icon-holder\">\r\n\t\t\t\t<i aria-hidden=\"true\" class=\"far fa-handshake\"><\/i>\t\t<\/div>\r\n\r\n\t\t<div class=\"service3-content-holder content-holder content-align\">\r\n\t\t\t\t\t\t\t<h3 class=\"info-title\">\r\n\t\t\t\t\tValores\t\t\t\t<\/h3>\r\n\t\t\t\r\n\t\t\t\t\t\t\t<p>Integridade e honestidade\nEmpenho para com os clientes, parceiros e tecnologia\nAbertura e respeito para com os outros e empenho para contribuir para o seu desenvolvimento\nCapacidade para aceitar grandes desafios e conduzi-los at\u00e9 ao final\nAtitude cr\u00edtica,  dedica\u00e7\u00e3o para com a qualidade e melhoramento pessoal\nAssumir plena responsabilidade dos compromissos, resultados e da qualidade perante os clientes, accionistas, parceiros e colaboradores.<\/p>\r\n\t\t\t\r\n\t\t\t\t\t<\/div>\r\n    <\/div>\r\n<\/div>\t\t\t\t<\/div>\n\t\t\t\t<\/div>\n\t\t\t\t\t<\/div>\n\t\t<\/div>\n\t\t\t\t\t<\/div>\n\t\t<\/section>\n\t\t\t\t\t<\/div>\n\t\t<\/div>\n\t\t\t\t\t<\/div>\n\t\t<\/section>\n\t\t\t\t<section class=\"elementor-section elementor-top-section elementor-element elementor-element-8d37d9e elementor-section-boxed elementor-section-height-default elementor-section-height-default rt-parallax-bg-no\" data-id=\"8d37d9e\" data-element_type=\"section\" data-e-type=\"section\">\n\t\t\t\t\t\t<div class=\"elementor-container elementor-column-gap-default\">\n\t\t\t\t\t<div class=\"elementor-column elementor-col-100 elementor-top-column elementor-element elementor-element-fc6c105\" data-id=\"fc6c105\" data-element_type=\"column\" data-e-type=\"column\">\n\t\t\t<div class=\"elementor-widget-wrap elementor-element-populated\">\n\t\t\t\t\t\t<div class=\"elementor-element elementor-element-605010c elementor-widget elementor-widget-spacer\" data-id=\"605010c\" data-element_type=\"widget\" data-e-type=\"widget\" data-widget_type=\"spacer.default\">\n\t\t\t\t<div class=\"elementor-widget-container\">\n\t\t\t\t\t\t\t<div class=\"elementor-spacer\">\n\t\t\t<div class=\"elementor-spacer-inner\"><\/div>\n\t\t<\/div>\n\t\t\t\t\t\t<\/div>\n\t\t\t\t<\/div>\n\t\t\t\t\t<\/div>\n\t\t<\/div>\n\t\t\t\t\t<\/div>\n\t\t<\/section>\n\t\t\t\t<\/div>","protected":false},"excerpt":{"rendered":"<p>Sobre a empresa A Duma Imobili\u00e1ria, \u00e9 composta por uma equipa altamente qualificada e experiente, com grande conhecimento e compreens\u00e3o do mercado de Mo\u00e7ambique. O desenvolvimento de propriedades \u00e9 a principal \u00e1rea de actividade da Duma Imobili\u00e1ria e Servi\u00e7os, o que nos torna altamente qualificados para lidar com todas as quest\u00f5es relacionadas com; compra, venda, &#8230;<\/p>","protected":false},"author":0,"featured_media":0,"parent":0,"menu_order":0,"comment_status":"closed","ping_status":"closed","template":"templates\/blank.php","meta":{"_rtcl_gb_attr":"","footnotes":""},"class_list":["post-3941","page","type-page","status-publish","hentry"],"yoast_head":"<!-- This site is optimized with the Yoast SEO Premium plugin v26.6 (Yoast SEO v26.6) - https:\/\/yoast.com\/wordpress\/plugins\/seo\/ -->\n<title>About - Apartamentos a venda<\/title>\n<meta name=\"robots\" content=\"index, follow, max-snippet:-1, max-image-preview:large, max-video-preview:-1\" \/>\n<link rel=\"canonical\" href=\"https:\/\/imobiliariaduma-mz.com\/en\/about\/\" \/>\n<meta property=\"og:locale\" content=\"en_GB\" \/>\n<meta property=\"og:type\" content=\"article\" \/>\n<meta property=\"og:title\" content=\"About\" \/>\n<meta property=\"og:description\" content=\"Sobre a empresa A Duma Imobili\u00e1ria, \u00e9 composta por uma equipa altamente qualificada e experiente, com grande conhecimento e compreens\u00e3o do mercado de Mo\u00e7ambique. O desenvolvimento de propriedades \u00e9 a principal \u00e1rea de actividade da Duma Imobili\u00e1ria e Servi\u00e7os, o que nos torna altamente qualificados para lidar com todas as quest\u00f5es relacionadas com; compra, venda, ...\" \/>\n<meta property=\"og:url\" content=\"https:\/\/imobiliariaduma-mz.com\/en\/about\/\" \/>\n<meta property=\"og:site_name\" content=\"Apartamentos a venda\" \/>\n<meta property=\"article:publisher\" content=\"https:\/\/www.facebook.com\/Duma-Imobiliria-808728966144732\" \/>\n<meta property=\"article:modified_time\" content=\"2022-03-30T14:16:28+00:00\" \/>\n<meta property=\"og:image\" content=\"https:\/\/imobiliariaduma-mz.com\/wp-content\/uploads\/2021\/09\/about-meet.jpg\" \/>\n\t<meta property=\"og:image:width\" content=\"610\" \/>\n\t<meta property=\"og:image:height\" content=\"460\" \/>\n\t<meta property=\"og:image:type\" content=\"image\/jpeg\" \/>\n<meta name=\"twitter:card\" content=\"summary_large_image\" \/>\n<meta name=\"twitter:label1\" content=\"Estimated reading time\" \/>\n\t<meta name=\"twitter:data1\" content=\"1 minute\" \/>\n<script type=\"application\/ld+json\" class=\"yoast-schema-graph\">{\"@context\":\"https:\/\/schema.org\",\"@graph\":[{\"@type\":\"WebPage\",\"@id\":\"https:\/\/imobiliariaduma-mz.com\/about\/\",\"url\":\"https:\/\/imobiliariaduma-mz.com\/about\/\",\"name\":\"About - Apartamentos a venda\",\"isPartOf\":{\"@id\":\"https:\/\/imobiliariaduma-mz.com\/#website\"},\"primaryImageOfPage\":{\"@id\":\"https:\/\/imobiliariaduma-mz.com\/about\/#primaryimage\"},\"image\":{\"@id\":\"https:\/\/imobiliariaduma-mz.com\/about\/#primaryimage\"},\"thumbnailUrl\":\"https:\/\/imobiliariaduma-mz.com\/wp-content\/uploads\/2021\/09\/about-meet.jpg\",\"datePublished\":\"2021-01-12T03:28:54+00:00\",\"dateModified\":\"2022-03-30T14:16:28+00:00\",\"breadcrumb\":{\"@id\":\"https:\/\/imobiliariaduma-mz.com\/about\/#breadcrumb\"},\"inLanguage\":\"en-GB\",\"potentialAction\":[{\"@type\":\"ReadAction\",\"target\":[\"https:\/\/imobiliariaduma-mz.com\/about\/\"]}]},{\"@type\":\"ImageObject\",\"inLanguage\":\"en-GB\",\"@id\":\"https:\/\/imobiliariaduma-mz.com\/about\/#primaryimage\",\"url\":\"https:\/\/imobiliariaduma-mz.com\/wp-content\/uploads\/2021\/09\/about-meet.jpg\",\"contentUrl\":\"https:\/\/imobiliariaduma-mz.com\/wp-content\/uploads\/2021\/09\/about-meet.jpg\"},{\"@type\":\"BreadcrumbList\",\"@id\":\"https:\/\/imobiliariaduma-mz.com\/about\/#breadcrumb\",\"itemListElement\":[{\"@type\":\"ListItem\",\"position\":1,\"name\":\"In\u00edcio\",\"item\":\"https:\/\/imobiliariaduma-mz.com\/\"},{\"@type\":\"ListItem\",\"position\":2,\"name\":\"About\"}]},{\"@type\":\"WebSite\",\"@id\":\"https:\/\/imobiliariaduma-mz.com\/#website\",\"url\":\"https:\/\/imobiliariaduma-mz.com\/\",\"name\":\"Apartamentos a venda\",\"description\":\"Duma Imobiliaria\",\"publisher\":{\"@id\":\"https:\/\/imobiliariaduma-mz.com\/#organization\"},\"potentialAction\":[{\"@type\":\"SearchAction\",\"target\":{\"@type\":\"EntryPoint\",\"urlTemplate\":\"https:\/\/imobiliariaduma-mz.com\/?s={search_term_string}\"},\"query-input\":{\"@type\":\"PropertyValueSpecification\",\"valueRequired\":true,\"valueName\":\"search_term_string\"}}],\"inLanguage\":\"en-GB\"},{\"@type\":\"Organization\",\"@id\":\"https:\/\/imobiliariaduma-mz.com\/#organization\",\"name\":\"apartamentos \u00e0 venda\",\"url\":\"https:\/\/imobiliariaduma-mz.com\/\",\"logo\":{\"@type\":\"ImageObject\",\"inLanguage\":\"en-GB\",\"@id\":\"https:\/\/imobiliariaduma-mz.com\/#\/schema\/logo\/image\/\",\"url\":\"https:\/\/imobiliariaduma-mz.com\/wp-content\/uploads\/2022\/03\/cropped-WhatsApp-Image-2022-03-28-at-21.52.191.jpeg\",\"contentUrl\":\"https:\/\/imobiliariaduma-mz.com\/wp-content\/uploads\/2022\/03\/cropped-WhatsApp-Image-2022-03-28-at-21.52.191.jpeg\",\"width\":825,\"height\":362,\"caption\":\"apartamentos \u00e0 venda\"},\"image\":{\"@id\":\"https:\/\/imobiliariaduma-mz.com\/#\/schema\/logo\/image\/\"},\"sameAs\":[\"https:\/\/www.facebook.com\/Duma-Imobiliria-808728966144732\"]}]}<\/script>\n<!-- \/ Yoast SEO Premium plugin. -->","yoast_head_json":{"title":"About - Apartamentos a venda","robots":{"index":"index","follow":"follow","max-snippet":"max-snippet:-1","max-image-preview":"max-image-preview:large","max-video-preview":"max-video-preview:-1"},"canonical":"https:\/\/imobiliariaduma-mz.com\/en\/about\/","og_locale":"en_GB","og_type":"article","og_title":"About","og_description":"Sobre a empresa A Duma Imobili\u00e1ria, \u00e9 composta por uma equipa altamente qualificada e experiente, com grande conhecimento e compreens\u00e3o do mercado de Mo\u00e7ambique. O desenvolvimento de propriedades \u00e9 a principal \u00e1rea de actividade da Duma Imobili\u00e1ria e Servi\u00e7os, o que nos torna altamente qualificados para lidar com todas as quest\u00f5es relacionadas com; compra, venda, ...","og_url":"https:\/\/imobiliariaduma-mz.com\/en\/about\/","og_site_name":"Apartamentos a venda","article_publisher":"https:\/\/www.facebook.com\/Duma-Imobiliria-808728966144732","article_modified_time":"2022-03-30T14:16:28+00:00","og_image":[{"width":610,"height":460,"url":"https:\/\/imobiliariaduma-mz.com\/wp-content\/uploads\/2021\/09\/about-meet.jpg","type":"image\/jpeg"}],"twitter_card":"summary_large_image","twitter_misc":{"Estimated reading time":"1 minute"},"schema":{"@context":"https:\/\/schema.org","@graph":[{"@type":"WebPage","@id":"https:\/\/imobiliariaduma-mz.com\/about\/","url":"https:\/\/imobiliariaduma-mz.com\/about\/","name":"About - Apartamentos a venda","isPartOf":{"@id":"https:\/\/imobiliariaduma-mz.com\/#website"},"primaryImageOfPage":{"@id":"https:\/\/imobiliariaduma-mz.com\/about\/#primaryimage"},"image":{"@id":"https:\/\/imobiliariaduma-mz.com\/about\/#primaryimage"},"thumbnailUrl":"https:\/\/imobiliariaduma-mz.com\/wp-content\/uploads\/2021\/09\/about-meet.jpg","datePublished":"2021-01-12T03:28:54+00:00","dateModified":"2022-03-30T14:16:28+00:00","breadcrumb":{"@id":"https:\/\/imobiliariaduma-mz.com\/about\/#breadcrumb"},"inLanguage":"en-GB","potentialAction":[{"@type":"ReadAction","target":["https:\/\/imobiliariaduma-mz.com\/about\/"]}]},{"@type":"ImageObject","inLanguage":"en-GB","@id":"https:\/\/imobiliariaduma-mz.com\/about\/#primaryimage","url":"https:\/\/imobiliariaduma-mz.com\/wp-content\/uploads\/2021\/09\/about-meet.jpg","contentUrl":"https:\/\/imobiliariaduma-mz.com\/wp-content\/uploads\/2021\/09\/about-meet.jpg"},{"@type":"BreadcrumbList","@id":"https:\/\/imobiliariaduma-mz.com\/about\/#breadcrumb","itemListElement":[{"@type":"ListItem","position":1,"name":"In\u00edcio","item":"https:\/\/imobiliariaduma-mz.com\/"},{"@type":"ListItem","position":2,"name":"About"}]},{"@type":"WebSite","@id":"https:\/\/imobiliariaduma-mz.com\/#website","url":"https:\/\/imobiliariaduma-mz.com\/","name":"Apartamentos a venda","description":"Duma Imobiliaria","publisher":{"@id":"https:\/\/imobiliariaduma-mz.com\/#organization"},"potentialAction":[{"@type":"SearchAction","target":{"@type":"EntryPoint","urlTemplate":"https:\/\/imobiliariaduma-mz.com\/?s={search_term_string}"},"query-input":{"@type":"PropertyValueSpecification","valueRequired":true,"valueName":"search_term_string"}}],"inLanguage":"en-GB"},{"@type":"Organization","@id":"https:\/\/imobiliariaduma-mz.com\/#organization","name":"apartamentos \u00e0 venda","url":"https:\/\/imobiliariaduma-mz.com\/","logo":{"@type":"ImageObject","inLanguage":"en-GB","@id":"https:\/\/imobiliariaduma-mz.com\/#\/schema\/logo\/image\/","url":"https:\/\/imobiliariaduma-mz.com\/wp-content\/uploads\/2022\/03\/cropped-WhatsApp-Image-2022-03-28-at-21.52.191.jpeg","contentUrl":"https:\/\/imobiliariaduma-mz.com\/wp-content\/uploads\/2022\/03\/cropped-WhatsApp-Image-2022-03-28-at-21.52.191.jpeg","width":825,"height":362,"caption":"apartamentos \u00e0 venda"},"image":{"@id":"https:\/\/imobiliariaduma-mz.com\/#\/schema\/logo\/image\/"},"sameAs":["https:\/\/www.facebook.com\/Duma-Imobiliria-808728966144732"]}]}},"_links":{"self":[{"href":"https:\/\/imobiliariaduma-mz.com\/en\/wp-json\/wp\/v2\/pages\/3941","targetHints":{"allow":["GET"]}}],"collection":[{"href":"https:\/\/imobiliariaduma-mz.com\/en\/wp-json\/wp\/v2\/pages"}],"about":[{"href":"https:\/\/imobiliariaduma-mz.com\/en\/wp-json\/wp\/v2\/types\/page"}],"replies":[{"embeddable":true,"href":"https:\/\/imobiliariaduma-mz.com\/en\/wp-json\/wp\/v2\/comments?post=3941"}],"version-history":[{"count":9,"href":"https:\/\/imobiliariaduma-mz.com\/en\/wp-json\/wp\/v2\/pages\/3941\/revisions"}],"predecessor-version":[{"id":17612,"href":"https:\/\/imobiliariaduma-mz.com\/en\/wp-json\/wp\/v2\/pages\/3941\/revisions\/17612"}],"wp:attachment":[{"href":"https:\/\/imobiliariaduma-mz.com\/en\/wp-json\/wp\/v2\/media?parent=3941"}],"curies":[{"name":"wp","href":"https:\/\/api.w.org\/{rel}","templated":true}]}}